{"id":19,"date":"2023-06-30T08:44:23","date_gmt":"2023-06-30T08:44:23","guid":{"rendered":"https:\/\/corinnapagani.ch\/?page_id=19"},"modified":"2023-07-04T14:11:13","modified_gmt":"2023-07-04T14:11:13","slug":"berufliche-erfahrungen","status":"publish","type":"page","link":"https:\/\/corinnapagani.ch\/?page_id=19","title":{"rendered":"Resumee"},"content":{"rendered":"\n<p><mark style=\"background-color:rgba(0, 0, 0, 0)\" class=\"has-inline-color has-vivid-cyan-blue-color\">Schaffhauserland Tourismus, Schaffhausen (zurzeit)<\/mark><br>PROJEKTLEITERIN MARKETING (Teilzeit)<\/p>\n\n\n\n<ul class=\"wp-block-list\">\n<li>Verantwortliche Reporting und Aufbau Dashboard im Lookerstudio <\/li>\n\n\n\n<li>Projektleitung Innotour Projekte<\/li>\n\n\n\n<li>Kampagnenleitung bei diversen Kanal\u00fcbergreifenden Kampagnen<\/li>\n\n\n\n<li>Unterst\u00fctzung Partnermanagement<\/li>\n\n\n\n<li>Verantwortliche E-Marketing Suite und Konzeptionelle Umsetzung von Newslettern<\/li>\n\n\n\n<li>Content Erstellung und Bewirtschaftung s\u00e4mtlicher Kommunikationskan\u00e4le (FB, INSTA, Webseiten, Newsletter, E-Mailmarketing)<\/li>\n\n\n\n<li>Planung, Konzeption und Verantwortung von Suchmaschinenmarketing (SEO und SEA)<\/li>\n\n\n\n<li>Organisation und Betreuung MedienTrips<\/li>\n<\/ul>\n\n\n\n<hr class=\"wp-block-separator has-alpha-channel-opacity\"\/>\n\n\n\n<p><mark style=\"background-color:rgba(0, 0, 0, 0)\" class=\"has-inline-color has-vivid-cyan-blue-color\">Webrepublic AG, Z\u00fcrich (2019 bis 2021)<\/mark><br>CONSULTANT DIGITAL MARKETING STRATEGY<\/p>\n\n\n\n<ul class=\"wp-block-list\">\n<li>Managen von Kundenmandaten und Projekten im Bereich Digital Marketing Strategie<br>in Deutsch und Englisch<\/li>\n\n\n\n<li>Erarbeiten von Pr\u00e4sentationen und f\u00fchren von Workshops zur gemeinsamen<br>Enwticklung der digitalen Marketing Zielen und deren Massnahmen<\/li>\n\n\n\n<li>Analyse der Marketingaktivit\u00e4ten von Kunden; digitaler Footprint<\/li>\n\n\n\n<li>Bearbeitung von Neukundenanfragen (Pitch) und Angebotsabgaben<\/li>\n\n\n\n<li>Anleitung von Junior Consultants<\/li>\n<\/ul>\n\n\n\n<hr class=\"wp-block-separator has-alpha-channel-opacity\"\/>\n\n\n\n<p><mark style=\"background-color:rgba(0, 0, 0, 0)\" class=\"has-inline-color has-vivid-cyan-blue-color\">Startup FO-Communication, ein Unternehmen der FO-Gruppe, Egg b. Z\u00fcrich (2018 bis 2019)<\/mark><br>PROJEKTLEITERIN MARKETING<\/p>\n\n\n\n<ul class=\"wp-block-list\">\n<li>Umfassende Planung und Umsetzung von Kommunikations- und<br>Marketingkonzepten und Aktivit\u00e4ten<\/li>\n\n\n\n<li>Akquirieren und Betreuen von Kunden<\/li>\n\n\n\n<li>Gestalten und Texten von Werbemittel<\/li>\n\n\n\n<li>Weiterentwicklung und Verbesserung der Prozesse<\/li>\n\n\n\n<li>Stellvertretung der Gesch\u00e4ftsleitung<\/li>\n<\/ul>\n\n\n\n<hr class=\"wp-block-separator has-alpha-channel-opacity\"\/>\n\n\n\n<p><mark style=\"background-color:rgba(0, 0, 0, 0)\" class=\"has-inline-color has-vivid-cyan-blue-color\">Z\u00fcrichsee Tourismus, <br>Fusion: 1. Januar 2017 Rapperswil Z\u00fcrichsee Tourismus,<br>Rapperswil-Jona (2016 bis 2018)<\/mark><br>MARKETING UND COMMUNICATION MANAGERIN<br>MARKETINGVERANTWORTLICHE Z\u00dcRICHSEE TOURISMUS<\/p>\n\n\n\n<ul class=\"wp-block-list\">\n<li>Entwicklung und Koordination der Kommunikations- und<br>Marketingstrategie (offline und online)<\/li>\n\n\n\n<li>Verfassen von marketingrelevanten SEO Texten<\/li>\n\n\n\n<li>Projektleitung Aufbau und Bewirtschaftung Website und Social Media<\/li>\n\n\n\n<li>Teil des F\u00fchrungsteams und Mediensprecherin<\/li>\n\n\n\n<li>Marketing-Bindeglied zwischen Rapperswil Z\u00fcrichsee und Z\u00fcrich Tourismus<\/li>\n\n\n\n<li>Projektleitung Events (Tourismus Forum)<\/li>\n<\/ul>\n\n\n\n<hr class=\"wp-block-separator has-alpha-channel-opacity\"\/>\n\n\n\n<p><mark style=\"background-color:rgba(0, 0, 0, 0)\" class=\"has-inline-color has-vivid-cyan-blue-color\">CP9 advanced marketing solutions AG, Adliswil (2014 bis 2016)<\/mark><br>JUNIOR CONSULTANT<br>ADVERTISING ASSISTANT<\/p>\n\n\n\n<ul class=\"wp-block-list\">\n<li>Eventorganisation inkl. Sponsoring, Vor-Ort-Betreuung<\/li>\n\n\n\n<li>Mediaplanung und Umsetzung<\/li>\n\n\n\n<li>Koordination Zusammenarbeit mit externen Partner<\/li>\n\n\n\n<li>Offert- und Auftragswesen, Rechnungstellung<\/li>\n\n\n\n<li>Teilprojektleitung AUFSEHEN!<\/li>\n<\/ul>\n\n\n\n<hr class=\"wp-block-separator has-alpha-channel-opacity\"\/>\n\n\n\n<p><mark style=\"background-color:rgba(0, 0, 0, 0)\" class=\"has-inline-color has-vivid-cyan-blue-color\">Tourismus Engadin Scuol Samnaun Val M\u00fcstair AG, Samnaun (2013 bis 2014)<\/mark><br>ASSISTENTIN EVENTS\/MARKETING<\/p>\n\n\n\n<ul class=\"wp-block-list\">\n<li>Unterst\u00fctzung in der Planung, Organisation und Umsetzung<br>von Events und Konzerten<\/li>\n\n\n\n<li>Umsetzen von Kommunikationspl\u00e4nen und Massnahmen<\/li>\n\n\n\n<li>Sponsoringanfragen und Verhandlungen mit Partnern und Lieferanten<\/li>\n\n\n\n<li>Massnahmenpl\u00e4ne erarbeiten und durchf\u00fchren<\/li>\n<\/ul>\n\n\n\n<hr class=\"wp-block-separator has-alpha-channel-opacity\"\/>\n\n\n\n<div class=\"wp-block-buttons is-content-justification-center is-layout-flex wp-container-core-buttons-is-layout-16018d1d wp-block-buttons-is-layout-flex\">\n<div class=\"wp-block-button\"><a class=\"wp-block-button__link wp-element-button\" href=\"https:\/\/corinnapagani.ch\/?page_id=37\" target=\"_blank\" rel=\"noreferrer noopener\">Praktika<\/a><\/div>\n<\/div>\n\n\n\n<hr class=\"wp-block-separator has-alpha-channel-opacity\"\/>\n\n\n\n<p><strong>ARBEITSZEUGNISSE<\/strong><\/p>\n\n\n\n<div data-wp-interactive=\"core\/file\" class=\"wp-block-file\"><object data-wp-bind--hidden=\"!state.hasPdfPreview\" hidden class=\"wp-block-file__embed\" data=\"https:\/\/corinnapagani.ch\/wp-content\/uploads\/2023\/06\/Arbeitszeugnisse_Corinna_Pagani-1.pdf\" type=\"application\/pdf\" style=\"width:100%;height:600px\" aria-label=\"Embed of Arbeitszeugnisse_Corinna_Pagani.\"><\/object><a id=\"wp-block-file--media-a0e1dc26-2e48-4bff-86f5-7dac5b808f39\" href=\"https:\/\/corinnapagani.ch\/wp-content\/uploads\/2023\/06\/Arbeitszeugnisse_Corinna_Pagani-1.pdf\">Arbeitszeugnisse_Corinna_Pagani<\/a><a href=\"https:\/\/corinnapagani.ch\/wp-content\/uploads\/2023\/06\/Arbeitszeugnisse_Corinna_Pagani-1.pdf\" class=\"wp-block-file__button wp-element-button\" download aria-describedby=\"wp-block-file--media-a0e1dc26-2e48-4bff-86f5-7dac5b808f39\">Download<\/a><\/div>\n","protected":false},"excerpt":{"rendered":"<p>Schaffhauserland Tourismus, Schaffhausen (zurzeit)PROJEKTLEITERIN MARKETING (Teilzeit) Webrepublic AG, Z\u00fcrich (2019 bis 2021)CONSULTANT DIGITAL MARKETING STRATEGY Startup FO-Communication, ein Unternehmen der FO-Gruppe, Egg b. Z\u00fcrich (2018 bis 2019)PROJEKTLEITERIN MARKETING Z\u00fcrichsee Tourismus, Fusion: 1. Januar 2017 Rapperswil Z\u00fcrichsee Tourismus,Rapperswil-Jona (2016 bis 2018)MARKETING UND COMMUNICATION MANAGERINMARKETINGVERANTWORTLICHE Z\u00dcRICHSEE TOURISMUS CP9 advanced marketing solutions AG, Adliswil (2014 bis 2016)JUNIOR CONSULTANTADVERTISING [&hellip;]<\/p>\n","protected":false},"author":1,"featured_media":0,"parent":0,"menu_order":0,"comment_status":"closed","ping_status":"closed","template":"","meta":{"footnotes":""},"class_list":["post-19","page","type-page","status-publish","hentry"],"_links":{"self":[{"href":"https:\/\/corinnapagani.ch\/index.php?rest_route=\/wp\/v2\/pages\/19","targetHints":{"allow":["GET"]}}],"collection":[{"href":"https:\/\/corinnapagani.ch\/index.php?rest_route=\/wp\/v2\/pages"}],"about":[{"href":"https:\/\/corinnapagani.ch\/index.php?rest_route=\/wp\/v2\/types\/page"}],"author":[{"embeddable":true,"href":"https:\/\/corinnapagani.ch\/index.php?rest_route=\/wp\/v2\/users\/1"}],"replies":[{"embeddable":true,"href":"https:\/\/corinnapagani.ch\/index.php?rest_route=%2Fwp%2Fv2%2Fcomments&post=19"}],"version-history":[{"count":26,"href":"https:\/\/corinnapagani.ch\/index.php?rest_route=\/wp\/v2\/pages\/19\/revisions"}],"predecessor-version":[{"id":117,"href":"https:\/\/corinnapagani.ch\/index.php?rest_route=\/wp\/v2\/pages\/19\/revisions\/117"}],"wp:attachment":[{"href":"https:\/\/corinnapagani.ch\/index.php?rest_route=%2Fwp%2Fv2%2Fmedia&parent=19"}],"curies":[{"name":"wp","href":"https:\/\/api.w.org\/{rel}","templated":true}]}}