{"id":29,"date":"2023-06-30T08:48:45","date_gmt":"2023-06-30T08:48:45","guid":{"rendered":"https:\/\/corinnapagani.ch\/?page_id=29"},"modified":"2023-06-30T09:05:47","modified_gmt":"2023-06-30T09:05:47","slug":"kenntnisse","status":"publish","type":"page","link":"https:\/\/corinnapagani.ch\/?page_id=29","title":{"rendered":"Kenntnisse"},"content":{"rendered":"\n<p><strong>IT<\/strong><\/p>\n\n\n\n<p>MS-Office, Soziale Netzwerke (FB, Instagram, Twitter, Linkedin, Xing) Community Management,<br>Indesign, Ilustrator, Photoshop<br>CMS-Tools: WordPress, Drupal, Typo 3, Joomla, Contao<\/p>\n\n\n\n<hr class=\"wp-block-separator has-alpha-channel-opacity\"\/>\n\n\n\n<p><strong>SPRACHEN<\/strong><\/p>\n\n\n\n<p>DEUTSCH: Muttersprache<br>ENGLISCH: Fliessend (FCE 2009, BEC Vantage 2011, BEC Higher April 2013), Sprachaufenthalt in Cambridge f\u00fcr drei Monate (2009)<br>ITALIENISCH: Selbst\u00e4ndige Sprachverwendung (DELI 2011, DILI 2012)<br>FRANZ\u00d6SISCH: Selbst\u00e4ndige Sprachverwendung<\/p>\n\n\n\n<hr class=\"wp-block-separator has-alpha-channel-opacity\"\/>\n\n\n\n<p><strong>SONSTIGES<\/strong><\/p>\n\n\n\n<p>Truppleiterin bei der Pfadi Goldenberg mit J&#038;S-Ausbildung Stufe 2<\/p>\n\n\n\n<p>Ausgebildete Seilparkoperateurin <\/p>\n\n\n\n<hr class=\"wp-block-separator has-alpha-channel-opacity\"\/>\n\n\n\n<p>ZERTIFIKATE<\/p>\n\n\n\n<div data-wp-interactive=\"core\/file\" class=\"wp-block-file\"><object data-wp-bind--hidden=\"!state.hasPdfPreview\" hidden class=\"wp-block-file__embed\" data=\"https:\/\/corinnapagani.ch\/wp-content\/uploads\/2023\/06\/Zertifikate_Corinna_Pagani.pdf\" type=\"application\/pdf\" style=\"width:100%;height:600px\" aria-label=\"Embed of Zertifikate_Corinna_Pagani.\"><\/object><a id=\"wp-block-file--media-46562e4c-cb62-4037-b169-15d166cd8f58\" href=\"https:\/\/corinnapagani.ch\/wp-content\/uploads\/2023\/06\/Zertifikate_Corinna_Pagani.pdf\">Zertifikate_Corinna_Pagani<\/a><a href=\"https:\/\/corinnapagani.ch\/wp-content\/uploads\/2023\/06\/Zertifikate_Corinna_Pagani.pdf\" class=\"wp-block-file__button wp-element-button\" download aria-describedby=\"wp-block-file--media-46562e4c-cb62-4037-b169-15d166cd8f58\">Download<\/a><\/div>\n","protected":false},"excerpt":{"rendered":"<p>IT MS-Office, Soziale Netzwerke (FB, Instagram, Twitter, Linkedin, Xing) Community Management,Indesign, Ilustrator, PhotoshopCMS-Tools: WordPress, Drupal, Typo 3, Joomla, Contao SPRACHEN DEUTSCH: MutterspracheENGLISCH: Fliessend (FCE 2009, BEC Vantage 2011, BEC Higher April 2013), Sprachaufenthalt in Cambridge f\u00fcr drei Monate (2009)ITALIENISCH: Selbst\u00e4ndige Sprachverwendung (DELI 2011, DILI 2012)FRANZ\u00d6SISCH: Selbst\u00e4ndige Sprachverwendung SONSTIGES Truppleiterin bei der Pfadi Goldenberg mit J&#038;S-Ausbildung [&hellip;]<\/p>\n","protected":false},"author":1,"featured_media":0,"parent":0,"menu_order":0,"comment_status":"closed","ping_status":"closed","template":"","meta":{"footnotes":""},"class_list":["post-29","page","type-page","status-publish","hentry"],"_links":{"self":[{"href":"https:\/\/corinnapagani.ch\/index.php?rest_route=\/wp\/v2\/pages\/29","targetHints":{"allow":["GET"]}}],"collection":[{"href":"https:\/\/corinnapagani.ch\/index.php?rest_route=\/wp\/v2\/pages"}],"about":[{"href":"https:\/\/corinnapagani.ch\/index.php?rest_route=\/wp\/v2\/types\/page"}],"author":[{"embeddable":true,"href":"https:\/\/corinnapagani.ch\/index.php?rest_route=\/wp\/v2\/users\/1"}],"replies":[{"embeddable":true,"href":"https:\/\/corinnapagani.ch\/index.php?rest_route=%2Fwp%2Fv2%2Fcomments&post=29"}],"version-history":[{"count":4,"href":"https:\/\/corinnapagani.ch\/index.php?rest_route=\/wp\/v2\/pages\/29\/revisions"}],"predecessor-version":[{"id":56,"href":"https:\/\/corinnapagani.ch\/index.php?rest_route=\/wp\/v2\/pages\/29\/revisions\/56"}],"wp:attachment":[{"href":"https:\/\/corinnapagani.ch\/index.php?rest_route=%2Fwp%2Fv2%2Fmedia&parent=29"}],"curies":[{"name":"wp","href":"https:\/\/api.w.org\/{rel}","templated":true}]}}