{"id":7,"date":"2023-06-29T12:03:03","date_gmt":"2023-06-29T12:03:03","guid":{"rendered":"https:\/\/corinnapagani.ch\/?page_id=7"},"modified":"2023-07-01T12:44:08","modified_gmt":"2023-07-01T12:44:08","slug":"about","status":"publish","type":"page","link":"https:\/\/corinnapagani.ch\/?page_id=7","title":{"rendered":"Ich"},"content":{"rendered":"\n<blockquote class=\"wp-block-quote has-text-align-center is-layout-flow wp-block-quote-is-layout-flow\">\n<p><mark style=\"background-color:rgba(0, 0, 0, 0)\" class=\"has-inline-color has-vivid-cyan-blue-color\">\u00abIch war noch nicht \u00fcberall, aber es steht auf meiner Liste.\u00bb<\/mark><\/p>\n<cite>Susan Sonntag<\/cite><\/blockquote>\n\n\n\n<p>Als erfahrene Projektleiterin Marketing im Tourismus und ehemalige Beraterin f\u00fcr digitale Strategien kenne ich die digitale Marketingwelt, sowie auch die Bed\u00fcrfnisse der G\u00e4ste von Tourismusregionen. Ich bin es mir gewohnt die daraus resultierenden operativen digitalen und analogen Aufgaben abzuleiten, entsprechend auszuf\u00fchren und zu koordinieren. Das Beraten und Akquirieren von Kunden und entwickeln von massgeschneiderten L\u00f6sungen macht mir Spass. Neben meiner T\u00e4tigkeit im Tourismus, sowie in der digitalen Agentur Webrepublic, absolvierte ich den Master of Advanced Studies in Marketing Management an der ZHAW in Winterthur. W\u00e4hrend dieser Weiterbildung schulte und festigte ich meine F\u00e4higkeiten in den Kommunikationswissenschaften und den aktuellen Marketingtrends.<\/p>\n\n\n\n<div class=\"wp-block-columns is-layout-flex wp-container-core-columns-is-layout-9d6595d7 wp-block-columns-is-layout-flex\">\n<div class=\"wp-block-column is-layout-flow wp-block-column-is-layout-flow\">\n<p>Corinna Pagani<br>Sch\u00f6naustrasse 6<br>8400 Winterthur<br>corinna.pagani@gmail.com<\/p>\n<\/div>\n\n\n\n<div class=\"wp-block-column is-layout-flow wp-block-column-is-layout-flow\">\n<p>+41 79 395 93 68<br>4. Juni 1989<br>verheiratet, 2 M\u00e4dchen<br>Schweizerin<\/p>\n<\/div>\n<\/div>\n\n\n\n<div data-wp-interactive=\"core\/file\" class=\"wp-block-file\"><object data-wp-bind--hidden=\"!state.hasPdfPreview\" hidden class=\"wp-block-file__embed\" data=\"https:\/\/corinnapagani.ch\/wp-content\/uploads\/2023\/06\/CV_Corinna-Pagani.pdf\" type=\"application\/pdf\" style=\"width:100%;height:600px\" aria-label=\"Embed of CV_Corinna-Pagani.\"><\/object><a id=\"wp-block-file--media-1b33ea30-5b41-4d0b-b919-8dd27d42a8e9\" href=\"https:\/\/corinnapagani.ch\/wp-content\/uploads\/2023\/06\/CV_Corinna-Pagani.pdf\">CV_Corinna-Pagani<\/a><a href=\"https:\/\/corinnapagani.ch\/wp-content\/uploads\/2023\/06\/CV_Corinna-Pagani.pdf\" class=\"wp-block-file__button wp-element-button\" download aria-describedby=\"wp-block-file--media-1b33ea30-5b41-4d0b-b919-8dd27d42a8e9\">Download<\/a><\/div>\n","protected":false},"excerpt":{"rendered":"<p>\u00abIch war noch nicht \u00fcberall, aber es steht auf meiner Liste.\u00bb Susan Sonntag Als erfahrene Projektleiterin Marketing im Tourismus und ehemalige Beraterin f\u00fcr digitale Strategien kenne ich die digitale Marketingwelt, sowie auch die Bed\u00fcrfnisse der G\u00e4ste von Tourismusregionen. Ich bin es mir gewohnt die daraus resultierenden operativen digitalen und analogen Aufgaben abzuleiten, entsprechend auszuf\u00fchren und [&hellip;]<\/p>\n","protected":false},"author":1,"featured_media":0,"parent":0,"menu_order":0,"comment_status":"closed","ping_status":"closed","template":"","meta":{"footnotes":""},"class_list":["post-7","page","type-page","status-publish","hentry"],"_links":{"self":[{"href":"https:\/\/corinnapagani.ch\/index.php?rest_route=\/wp\/v2\/pages\/7","targetHints":{"allow":["GET"]}}],"collection":[{"href":"https:\/\/corinnapagani.ch\/index.php?rest_route=\/wp\/v2\/pages"}],"about":[{"href":"https:\/\/corinnapagani.ch\/index.php?rest_route=\/wp\/v2\/types\/page"}],"author":[{"embeddable":true,"href":"https:\/\/corinnapagani.ch\/index.php?rest_route=\/wp\/v2\/users\/1"}],"replies":[{"embeddable":true,"href":"https:\/\/corinnapagani.ch\/index.php?rest_route=%2Fwp%2Fv2%2Fcomments&post=7"}],"version-history":[{"count":9,"href":"https:\/\/corinnapagani.ch\/index.php?rest_route=\/wp\/v2\/pages\/7\/revisions"}],"predecessor-version":[{"id":108,"href":"https:\/\/corinnapagani.ch\/index.php?rest_route=\/wp\/v2\/pages\/7\/revisions\/108"}],"wp:attachment":[{"href":"https:\/\/corinnapagani.ch\/index.php?rest_route=%2Fwp%2Fv2%2Fmedia&parent=7"}],"curies":[{"name":"wp","href":"https:\/\/api.w.org\/{rel}","templated":true}]}}